{"id":134,"date":"2024-10-11T14:58:27","date_gmt":"2024-10-11T14:58:27","guid":{"rendered":"https:\/\/westmansteel.com\/?page_id=134"},"modified":"2024-10-11T14:58:27","modified_gmt":"2024-10-11T14:58:27","slug":"politique-de-cookies","status":"publish","type":"page","link":"https:\/\/westmansteel.com\/fr\/politique-de-cookies\/","title":{"rendered":"Politique de Cookies"},"content":{"rendered":"<h2>1. Identification de l&rsquo;utilisateur et gestion de session<\/h2>\n<ul>\n<li>Identifiants de session : Pour maintenir les utilisateurs connect\u00e9s sur plusieurs pages.<\/li>\n<li>\u00c9tat de connexion : Pour se souvenir si un utilisateur est connect\u00e9 ou non.<\/li>\n<\/ul>\n<h2>2. Personnalisation et pr\u00e9f\u00e9rences<\/h2>\n<ul>\n<li>Pr\u00e9f\u00e9rences du site : Comme les param\u00e8tres de langue, les choix de th\u00e8me (mode sombre, mode clair), et les pr\u00e9f\u00e9rences de devise.<\/li>\n<li>Personnalisation : Informations sur les personnalisations s\u00e9lectionn\u00e9es par l&rsquo;utilisateur sur les sites web, comme la disposition ou la taille de la police.<\/li>\n<\/ul>\n<h2>3. Donn\u00e9es d&rsquo;analyse et de performance<\/h2>\n<ul>\n<li>Pages visit\u00e9es : Quelles pages un utilisateur visite et dans quel ordre.<\/li>\n<li>Temps pass\u00e9 sur chaque page : Combien de temps les utilisateurs restent sur certaines pages.<\/li>\n<li>Taux de rebond : Informations sur si les utilisateurs quittent apr\u00e8s avoir visit\u00e9 une seule page.<\/li>\n<li>Dur\u00e9e de la session : Combien de temps dure la session utilisateur en g\u00e9n\u00e9ral.<\/li>\n<\/ul>\n<h2>4. Donn\u00e9es comportementales<\/h2>\n<ul>\n<li>Donn\u00e9es de navigation : Quels liens ou boutons les utilisateurs cliquent.<\/li>\n<li>Profondeur de d\u00e9filement : Jusqu&rsquo;o\u00f9 les utilisateurs d\u00e9filent sur une page web.<\/li>\n<li>Donn\u00e9es d&rsquo;interaction : Incluant les soumissions de formulaires, les lectures de vid\u00e9os, et d&rsquo;autres \u00e9l\u00e9ments interactifs.<\/li>\n<\/ul>\n<h2>5. Donn\u00e9es de g\u00e9olocalisation<\/h2>\n<ul>\n<li>Localisation approximative : Bas\u00e9e sur l&rsquo;adresse IP, les cookies peuvent stocker des informations g\u00e9n\u00e9rales de localisation comme la ville ou la r\u00e9gion.<\/li>\n<\/ul>\n<h2>6. Publicit\u00e9 cibl\u00e9e et suivi<\/h2>\n<ul>\n<li>Annonces cliqu\u00e9es : Informations sur les annonces cliqu\u00e9es et les interactions avec celles-ci.<\/li>\n<li>Fr\u00e9quence des annonces : Pour \u00e9viter que la m\u00eame annonce soit affich\u00e9e plusieurs fois.<\/li>\n<li>Profils d&rsquo;int\u00e9r\u00eat : \u00c9tablir un profil bas\u00e9 sur les types de sites web visit\u00e9s, les habitudes d&rsquo;achat en ligne, et les pr\u00e9f\u00e9rences pour les publicit\u00e9s cibl\u00e9es.<\/li>\n<li>Suivi intersites : Suivi du comportement de l&rsquo;utilisateur sur diff\u00e9rents sites pour construire un profil plus d\u00e9taill\u00e9.<\/li>\n<\/ul>\n<h2>7. Achats et e-commerce<\/h2>\n<ul>\n<li>Donn\u00e9es du panier d&rsquo;achat : Pour suivre les articles ajout\u00e9s \u00e0 un panier en ligne.<\/li>\n<li>Achats pr\u00e9c\u00e9dents : Pour recommander des produits en fonction des achats ou de l&rsquo;historique de navigation pass\u00e9s.<\/li>\n<\/ul>\n<h2>8. Informations d&rsquo;authentification<\/h2>\n<ul>\n<li>Donn\u00e9es \u00ab\u00a0Se souvenir de moi\u00a0\u00bb : Utilis\u00e9es pour garder les utilisateurs connect\u00e9s sur plusieurs sessions.<\/li>\n<li>Stockage de jetons : Pour les sites utilisant l&rsquo;authentification bas\u00e9e sur des jetons.<\/li>\n<\/ul>\n<h2>9. Informations sur l&rsquo;appareil<\/h2>\n<ul>\n<li>Type et version du navigateur : Pour optimiser l&rsquo;affichage du site sur diff\u00e9rents navigateurs.<\/li>\n<li>Informations sur le syst\u00e8me d&rsquo;exploitation : Stock\u00e9es pour mieux servir le contenu selon l&rsquo;appareil.<\/li>\n<li>Type d&rsquo;appareil : Informations telles que mobile, tablette ou ordinateur de bureau.<\/li>\n<\/ul>\n<h2>10. Donn\u00e9es de r\u00e9f\u00e9rence et UTM<\/h2>\n<ul>\n<li>R\u00e9f\u00e9rent : Quel site web ou lien a r\u00e9f\u00e9r\u00e9 l&rsquo;utilisateur \u00e0 la page actuelle.<\/li>\n<li>Suivi des campagnes : Param\u00e8tres UTM pour suivre la performance des campagnes marketing.<\/li>\n<\/ul>\n<h2>11. Donn\u00e9es de consentement<\/h2>\n<ul>\n<li>Statut de consentement aux cookies : Si l&rsquo;utilisateur a accept\u00e9 ou refus\u00e9 la politique de cookies.<\/li>\n<\/ul>\n","protected":false},"excerpt":{"rendered":"<p>1. Identification de l&rsquo;utilisateur et gestion de session Identifiants de session : Pour maintenir les utilisateurs connect\u00e9s sur plusieurs pages. \u00c9tat de connexion : Pour se souvenir si un utilisateur est connect\u00e9 ou non. 2. Personnalisation et pr\u00e9f\u00e9rences Pr\u00e9f\u00e9rences du site : Comme les param\u00e8tres de langue, les choix de th\u00e8me (mode sombre, mode clair), [&hellip;]<\/p>\n","protected":false},"author":1,"featured_media":0,"parent":0,"menu_order":0,"comment_status":"closed","ping_status":"closed","template":"","meta":{"_acf_changed":false,"footnotes":""},"class_list":["post-134","page","type-page","status-publish","hentry"],"acf":[],"_links":{"self":[{"href":"https:\/\/westmansteel.com\/fr\/wp-json\/wp\/v2\/pages\/134","targetHints":{"allow":["GET"]}}],"collection":[{"href":"https:\/\/westmansteel.com\/fr\/wp-json\/wp\/v2\/pages"}],"about":[{"href":"https:\/\/westmansteel.com\/fr\/wp-json\/wp\/v2\/types\/page"}],"author":[{"embeddable":true,"href":"https:\/\/westmansteel.com\/fr\/wp-json\/wp\/v2\/users\/1"}],"replies":[{"embeddable":true,"href":"https:\/\/westmansteel.com\/fr\/wp-json\/wp\/v2\/comments?post=134"}],"version-history":[{"count":0,"href":"https:\/\/westmansteel.com\/fr\/wp-json\/wp\/v2\/pages\/134\/revisions"}],"wp:attachment":[{"href":"https:\/\/westmansteel.com\/fr\/wp-json\/wp\/v2\/media?parent=134"}],"curies":[{"name":"wp","href":"https:\/\/api.w.org\/{rel}","templated":true}]}}