{"id":164,"date":"2024-10-11T20:17:54","date_gmt":"2024-10-11T20:17:54","guid":{"rendered":"https:\/\/westmansteel.com\/?page_id=164"},"modified":"2024-10-16T20:32:36","modified_gmt":"2024-10-16T20:32:36","slug":"visualiseur-de-couleurs","status":"publish","type":"page","link":"https:\/\/westmansteel.com\/fr\/visualiseur-de-couleurs\/","title":{"rendered":"Centre des Couleurs"},"content":{"rendered":"<p>Voici votre destination unique pour tout ce qui concerne les couleurs\u202f! Explorez notre gamme compl\u00e8te d&rsquo;options de couleurs gr\u00e2ce \u00e0 notre tableau interactif ou concr\u00e9tisez votre vision avec notre visualiseur de couleurs \u00e0 la fine pointe de la technologie. D\u00e9couvrez la couleur id\u00e9ale pour votre prochain projet d\u00e8s aujourd&rsquo;hui !<\/p>\n","protected":false},"excerpt":{"rendered":"<p>Voici votre destination unique pour tout ce qui concerne les couleurs\u202f! Explorez notre gamme compl\u00e8te d&rsquo;options de couleurs gr\u00e2ce \u00e0 notre tableau interactif ou concr\u00e9tisez votre vision avec notre visualiseur de couleurs \u00e0 la fine pointe de la technologie. D\u00e9couvrez la couleur id\u00e9ale pour votre prochain projet d\u00e8s aujourd&rsquo;hui !<\/p>\n","protected":false},"author":1,"featured_media":0,"parent":0,"menu_order":0,"comment_status":"closed","ping_status":"closed","template":"template-color-visualizer.php","meta":{"_acf_changed":false,"footnotes":""},"class_list":["post-164","page","type-page","status-publish","hentry"],"acf":[],"_links":{"self":[{"href":"https:\/\/westmansteel.com\/fr\/wp-json\/wp\/v2\/pages\/164","targetHints":{"allow":["GET"]}}],"collection":[{"href":"https:\/\/westmansteel.com\/fr\/wp-json\/wp\/v2\/pages"}],"about":[{"href":"https:\/\/westmansteel.com\/fr\/wp-json\/wp\/v2\/types\/page"}],"author":[{"embeddable":true,"href":"https:\/\/westmansteel.com\/fr\/wp-json\/wp\/v2\/users\/1"}],"replies":[{"embeddable":true,"href":"https:\/\/westmansteel.com\/fr\/wp-json\/wp\/v2\/comments?post=164"}],"version-history":[{"count":0,"href":"https:\/\/westmansteel.com\/fr\/wp-json\/wp\/v2\/pages\/164\/revisions"}],"wp:attachment":[{"href":"https:\/\/westmansteel.com\/fr\/wp-json\/wp\/v2\/media?parent=164"}],"curies":[{"name":"wp","href":"https:\/\/api.w.org\/{rel}","templated":true}]}}