{"id":179,"date":"2024-10-15T18:50:50","date_gmt":"2024-10-15T18:50:50","guid":{"rendered":"https:\/\/westmansteel.com\/?page_id=179"},"modified":"2024-10-29T18:55:05","modified_gmt":"2024-10-29T18:55:05","slug":"telechargements","status":"publish","type":"page","link":"https:\/\/westmansteel.com\/fr\/support\/telechargements\/","title":{"rendered":"T\u00e9l\u00e9chargements"},"content":{"rendered":"<p>Bienvenue sur le Centre de T\u00e9l\u00e9chargement Officiel de Westman Steel ! Vous y trouverez une collection compl\u00e8te de ressources con\u00e7ues pour vous aider \u00e0 tirer le meilleur parti des produits Westman Steel. Explorez nos manuels les plus r\u00e9cents, des dessins d\u00e9taill\u00e9s, des sp\u00e9cifications pr\u00e9cises et des mises \u00e0 jour importantes, tous soigneusement s\u00e9lectionn\u00e9s pour vous fournir les informations et outils n\u00e9cessaires. Con\u00e7u pour \u00eatre facile \u00e0 utiliser, notre Centre de T\u00e9l\u00e9chargement vous donne un acc\u00e8s rapide et fiable \u00e0 tout ce qui concerne les gammes de produits innovants de Westman Steel. Que vous recherchiez des d\u00e9tails techniques, des conseils d\u2019installation ou les informations les plus r\u00e9centes sur nos produits, vous \u00eates au bon endroit !<\/p>\n","protected":false},"excerpt":{"rendered":"<p>Bienvenue sur le Centre de T\u00e9l\u00e9chargement Officiel de Westman Steel ! Vous y trouverez une collection compl\u00e8te de ressources con\u00e7ues pour vous aider \u00e0 tirer le meilleur parti des produits Westman Steel. Explorez nos manuels les plus r\u00e9cents, des dessins d\u00e9taill\u00e9s, des sp\u00e9cifications pr\u00e9cises et des mises \u00e0 jour importantes, tous soigneusement s\u00e9lectionn\u00e9s pour vous [&hellip;]<\/p>\n","protected":false},"author":1,"featured_media":718,"parent":55,"menu_order":0,"comment_status":"closed","ping_status":"closed","template":"template-downloads.php","meta":{"_acf_changed":false,"footnotes":""},"class_list":["post-179","page","type-page","status-publish","has-post-thumbnail","hentry"],"acf":[],"_links":{"self":[{"href":"https:\/\/westmansteel.com\/fr\/wp-json\/wp\/v2\/pages\/179","targetHints":{"allow":["GET"]}}],"collection":[{"href":"https:\/\/westmansteel.com\/fr\/wp-json\/wp\/v2\/pages"}],"about":[{"href":"https:\/\/westmansteel.com\/fr\/wp-json\/wp\/v2\/types\/page"}],"author":[{"embeddable":true,"href":"https:\/\/westmansteel.com\/fr\/wp-json\/wp\/v2\/users\/1"}],"replies":[{"embeddable":true,"href":"https:\/\/westmansteel.com\/fr\/wp-json\/wp\/v2\/comments?post=179"}],"version-history":[{"count":0,"href":"https:\/\/westmansteel.com\/fr\/wp-json\/wp\/v2\/pages\/179\/revisions"}],"up":[{"embeddable":true,"href":"https:\/\/westmansteel.com\/fr\/wp-json\/wp\/v2\/pages\/55"}],"wp:featuredmedia":[{"embeddable":true,"href":"https:\/\/westmansteel.com\/fr\/wp-json\/wp\/v2\/media\/718"}],"wp:attachment":[{"href":"https:\/\/westmansteel.com\/fr\/wp-json\/wp\/v2\/media?parent=179"}],"curies":[{"name":"wp","href":"https:\/\/api.w.org\/{rel}","templated":true}]}}