{"id":19,"date":"2024-10-10T19:27:46","date_gmt":"2024-10-10T19:27:46","guid":{"rendered":"https:\/\/westmansteel.com\/?page_id=19"},"modified":"2024-10-10T19:27:46","modified_gmt":"2024-10-10T19:27:46","slug":"politique-daccessibilite-du-contenu-web-de-wgi-westman-group","status":"publish","type":"page","link":"https:\/\/westmansteel.com\/fr\/politique-daccessibilite-du-contenu-web-de-wgi-westman-group\/","title":{"rendered":"Politique d&rsquo;accessibilit\u00e9 du contenu Web de WGI Westman Group"},"content":{"rendered":"<p>Nous nous engageons \u00e0 garantir l&rsquo;accessibilit\u00e9 de notre site Web \u00e0 tous les utilisateurs. Nous avons adopt\u00e9 les directives pour l&rsquo;accessibilit\u00e9 du contenu Web (WCAG) version 2.0 Niveau AA comme norme pour l&rsquo;accessibilit\u00e9 de notre site, et nous nous effor\u00e7ons activement de veiller \u00e0 ce que notre site Web respecte cette norme dans la mesure du possible. Nous nous effor\u00e7ons continuellement d&rsquo;am\u00e9liorer l&rsquo;accessibilit\u00e9 de notre site gr\u00e2ce \u00e0 des mises \u00e0 jour r\u00e9guli\u00e8res. Si vous rencontrez des difficult\u00e9s pour acc\u00e9der \u00e0 notre site ou l&rsquo;utiliser, n&rsquo;h\u00e9sitez pas \u00e0 nous contacter \u00e0 l&rsquo;adresse suivante : <a href=\"mailto:webmaster@westmangroup.com\">webmaster@westmangroup.com<\/a>.<\/p>\n","protected":false},"excerpt":{"rendered":"<p>Nous nous engageons \u00e0 garantir l&rsquo;accessibilit\u00e9 de notre site Web \u00e0 tous les utilisateurs. Nous avons adopt\u00e9 les directives pour l&rsquo;accessibilit\u00e9 du contenu Web (WCAG) version 2.0 Niveau AA comme norme pour l&rsquo;accessibilit\u00e9 de notre site, et nous nous effor\u00e7ons activement de veiller \u00e0 ce que notre site Web respecte cette norme dans la mesure [&hellip;]<\/p>\n","protected":false},"author":1,"featured_media":0,"parent":0,"menu_order":0,"comment_status":"closed","ping_status":"closed","template":"","meta":{"_acf_changed":false,"footnotes":""},"class_list":["post-19","page","type-page","status-publish","hentry"],"acf":[],"_links":{"self":[{"href":"https:\/\/westmansteel.com\/fr\/wp-json\/wp\/v2\/pages\/19","targetHints":{"allow":["GET"]}}],"collection":[{"href":"https:\/\/westmansteel.com\/fr\/wp-json\/wp\/v2\/pages"}],"about":[{"href":"https:\/\/westmansteel.com\/fr\/wp-json\/wp\/v2\/types\/page"}],"author":[{"embeddable":true,"href":"https:\/\/westmansteel.com\/fr\/wp-json\/wp\/v2\/users\/1"}],"replies":[{"embeddable":true,"href":"https:\/\/westmansteel.com\/fr\/wp-json\/wp\/v2\/comments?post=19"}],"version-history":[{"count":0,"href":"https:\/\/westmansteel.com\/fr\/wp-json\/wp\/v2\/pages\/19\/revisions"}],"wp:attachment":[{"href":"https:\/\/westmansteel.com\/fr\/wp-json\/wp\/v2\/media?parent=19"}],"curies":[{"name":"wp","href":"https:\/\/api.w.org\/{rel}","templated":true}]}}