{"id":21,"date":"2024-10-10T19:29:36","date_gmt":"2024-10-10T19:29:36","guid":{"rendered":"https:\/\/westmansteel.com\/?page_id=21"},"modified":"2024-10-10T19:31:08","modified_gmt":"2024-10-10T19:31:08","slug":"politique-de-confidentialite","status":"publish","type":"page","link":"https:\/\/westmansteel.com\/fr\/politique-de-confidentialite\/","title":{"rendered":"Politique de Confidentialit\u00e9"},"content":{"rendered":"<h2>L&rsquo;engagement du groupe WESTMAN en mati\u00e8re de confidentialit\u00e9<\/h2>\n<p>La protection de la vie priv\u00e9e et la confidentialit\u00e9 des informations personnelles de nos clients ont toujours \u00e9t\u00e9 fondamentales dans notre mani\u00e8re de faire des affaires. L&rsquo;objectif de notre politique de confidentialit\u00e9 est de promouvoir des pratiques de gestion des informations personnelles responsables et transparentes, conform\u00e9ment aux dispositions de la Loi sur la protection des renseignements personnels et les documents \u00e9lectroniques (Canada) (\u00ab LPRPDE \u00bb) et aux autres l\u00e9gislations sur la confidentialit\u00e9 applicables.<\/p>\n<p>Cette politique de confidentialit\u00e9 s&rsquo;applique \u00e0 tous les aspects de la gestion des informations personnelles par le groupe WESTMAN, y compris la collecte, l&rsquo;utilisation, la r\u00e9tention et la divulgation.<\/p>\n<p>Objectifs de la collecte, de l&rsquo;utilisation, de la r\u00e9tention et de la divulgation des informations personnelles<\/p>\n<p>Les objectifs suivants sont identifi\u00e9s pour la collecte, l&rsquo;utilisation, la r\u00e9tention et la divulgation de vos informations personnelles :<\/p>\n<ul>\n<li>Pour mieux vous servir, ce qui peut inclure l&rsquo;octroi de facilit\u00e9s de cr\u00e9dit (et le processus de demande de cr\u00e9dit y aff\u00e9rent).<\/li>\n<li>Pour vous fournir des informations sur des produits et services susceptibles de vous int\u00e9resser.<\/li>\n<li>Pour g\u00e9rer les ventes ou les locations propos\u00e9es ou r\u00e9elles de tout ou partie de notre entreprise ou de nos actifs.<\/li>\n<li>Pour r\u00e9pondre aux exigences l\u00e9gales et r\u00e9glementaires ou comme requis ou permis par la loi.<\/li>\n<li>Pour atteindre tout autre objectif auquel vous avez consenti.<\/li>\n<\/ul>\n<p>Contr\u00f4le sur la collecte et l&rsquo;utilisation des informations personnelles<\/p>\n<p>Nous collectons, utilisons, retenons et divulguons g\u00e9n\u00e9ralement des informations personnelles uniquement avec votre consentement. Lors de l&rsquo;obtention du consentement, qu&rsquo;il soit explicite ou implicite, nous expliquerons les objectifs pour lesquels nous g\u00e9rons les informations personnelles. Nous ne nous \u00e9carterons pas de ces objectifs identifi\u00e9s \u00e0 l&rsquo;origine sans obtenir un nouveau consentement. Nous expliquerons les options de refus ou de retrait du consentement \u00e0 la collecte, \u00e0 l&rsquo;utilisation, \u00e0 la r\u00e9tention ou \u00e0 la divulgation des informations personnelles, et nous enregistrerons et respecterons vos choix. Nous prot\u00e9gerons les informations personnelles avec des mesures de s\u00e9curit\u00e9 raisonnables proportionnelles \u00e0 leur sensibilit\u00e9. Nous vous donnerons acc\u00e8s aux informations personnelles que nous d\u00e9tenons \u00e0 votre sujet, sauf si la loi en dispose autrement. Nous ne conservons les informations personnelles que le temps n\u00e9cessaire ou exig\u00e9 par la loi. Nous ferons tous les efforts raisonnables pour que les informations personnelles soient exactes, compl\u00e8tes et \u00e0 jour. Nous ne divulguerons les informations personnelles que dans la mesure n\u00e9cessaire pour accomplir un objectif commercial ou remplir une obligation r\u00e9glementaire, l\u00e9gale ou publique.<\/p>\n<p>Pour consulter une copie compl\u00e8te du Code ou pour toute question concernant notre politique de confidentialit\u00e9 ou la mani\u00e8re dont une demande d&rsquo;information a \u00e9t\u00e9 trait\u00e9e, contactez l&rsquo;agent de confidentialit\u00e9 du groupe WESTMAN \u00e0 : <a href=\"mailto:privacy@westmangroup.com\" rel=\"noopener\">privacy@westmangroup.com<\/a>.<\/p>\n","protected":false},"excerpt":{"rendered":"<p>L&rsquo;engagement du groupe WESTMAN en mati\u00e8re de confidentialit\u00e9 La protection de la vie priv\u00e9e et la confidentialit\u00e9 des informations personnelles de nos clients ont toujours \u00e9t\u00e9 fondamentales dans notre mani\u00e8re de faire des affaires. L&rsquo;objectif de notre politique de confidentialit\u00e9 est de promouvoir des pratiques de gestion des informations personnelles responsables et transparentes, conform\u00e9ment aux [&hellip;]<\/p>\n","protected":false},"author":1,"featured_media":0,"parent":0,"menu_order":0,"comment_status":"closed","ping_status":"closed","template":"","meta":{"_acf_changed":false,"footnotes":""},"class_list":["post-21","page","type-page","status-publish","hentry"],"acf":[],"_links":{"self":[{"href":"https:\/\/westmansteel.com\/fr\/wp-json\/wp\/v2\/pages\/21","targetHints":{"allow":["GET"]}}],"collection":[{"href":"https:\/\/westmansteel.com\/fr\/wp-json\/wp\/v2\/pages"}],"about":[{"href":"https:\/\/westmansteel.com\/fr\/wp-json\/wp\/v2\/types\/page"}],"author":[{"embeddable":true,"href":"https:\/\/westmansteel.com\/fr\/wp-json\/wp\/v2\/users\/1"}],"replies":[{"embeddable":true,"href":"https:\/\/westmansteel.com\/fr\/wp-json\/wp\/v2\/comments?post=21"}],"version-history":[{"count":0,"href":"https:\/\/westmansteel.com\/fr\/wp-json\/wp\/v2\/pages\/21\/revisions"}],"wp:attachment":[{"href":"https:\/\/westmansteel.com\/fr\/wp-json\/wp\/v2\/media?parent=21"}],"curies":[{"name":"wp","href":"https:\/\/api.w.org\/{rel}","templated":true}]}}